{"id":23,"date":"2026-05-16T21:25:13","date_gmt":"2026-05-16T21:25:13","guid":{"rendered":"http:\/\/adriano-spadafora.com\/?page_id=23"},"modified":"2026-05-16T21:49:24","modified_gmt":"2026-05-16T21:49:24","slug":"contact","status":"publish","type":"page","link":"https:\/\/adriano-spadafora.com\/index.php\/contact\/","title":{"rendered":"Contact"},"content":{"rendered":"\n<p>Actuellement \u00e9tudiant en Arts Num\u00e9riques \u00e0 l\u2019\u00e9cole ARTS\u00b2 de Mons.<\/p>\n\n\n\n<p>Pour toute prise de contact, vous pouvez m\u2019\u00e9crire \u00e0 : Adri.sp318@gmail.com<\/p>\n\n\n\n<p><\/p>\n","protected":false},"excerpt":{"rendered":"<p>Actuellement \u00e9tudiant en Arts Num\u00e9riques \u00e0 l\u2019\u00e9cole ARTS\u00b2 de Mons. Pour toute prise de contact, vous pouvez m\u2019\u00e9crire \u00e0 : Adri.sp318@gmail.com<\/p>\n","protected":false},"author":1,"featured_media":0,"parent":0,"menu_order":0,"comment_status":"closed","ping_status":"closed","template":"","meta":{"footnotes":""},"class_list":["post-23","page","type-page","status-publish","hentry"],"_links":{"self":[{"href":"https:\/\/adriano-spadafora.com\/index.php\/wp-json\/wp\/v2\/pages\/23","targetHints":{"allow":["GET"]}}],"collection":[{"href":"https:\/\/adriano-spadafora.com\/index.php\/wp-json\/wp\/v2\/pages"}],"about":[{"href":"https:\/\/adriano-spadafora.com\/index.php\/wp-json\/wp\/v2\/types\/page"}],"author":[{"embeddable":true,"href":"https:\/\/adriano-spadafora.com\/index.php\/wp-json\/wp\/v2\/users\/1"}],"replies":[{"embeddable":true,"href":"https:\/\/adriano-spadafora.com\/index.php\/wp-json\/wp\/v2\/comments?post=23"}],"version-history":[{"count":3,"href":"https:\/\/adriano-spadafora.com\/index.php\/wp-json\/wp\/v2\/pages\/23\/revisions"}],"predecessor-version":[{"id":34,"href":"https:\/\/adriano-spadafora.com\/index.php\/wp-json\/wp\/v2\/pages\/23\/revisions\/34"}],"wp:attachment":[{"href":"https:\/\/adriano-spadafora.com\/index.php\/wp-json\/wp\/v2\/media?parent=23"}],"curies":[{"name":"wp","href":"https:\/\/api.w.org\/{rel}","templated":true}]}}