{"id":27,"date":"2026-05-16T21:24:50","date_gmt":"2026-05-16T21:24:50","guid":{"rendered":"http:\/\/adriano-spadafora.com\/?page_id=27"},"modified":"2026-05-16T21:47:55","modified_gmt":"2026-05-16T21:47:55","slug":"about","status":"publish","type":"page","link":"https:\/\/adriano-spadafora.com\/index.php\/about\/","title":{"rendered":"\u00e0 propos"},"content":{"rendered":"\n<p>Je m\u2019appelle Adriano Spadafora. Je suis dipl\u00f4m\u00e9 technicien en infographie et titulaire d\u2019un bachelier en Arts num\u00e9riques. Actuellement, je poursuis un master en Arts num\u00e9riques \u00e0 l\u2019\u00e9cole ARTS\u00b2 de Mons.<\/p>\n\n\n\n<p>Polyvalent, j\u2019ai d\u00e9velopp\u00e9 des comp\u00e9tences vari\u00e9es alliant technique et cr\u00e9ativit\u00e9, avec une expertise particuli\u00e8re en 3D, r\u00e9alit\u00e9 augment\u00e9e\/virtuelle (AR\/VR) et mapping vid\u00e9o.<\/p>\n\n\n\n<p>S\u00e9rieux et investi, j\u2019ai particip\u00e9 \u00e0 de nombreux projets, notamment la Biennale de Mons 2023 ainsi qu\u2019\u00e0 Mons en Lumi\u00e8re en 2024 et 2025, o\u00f9 j\u2019ai contribu\u00e9 \u00e0 un total de quatre projets.<\/p>\n\n\n\n<p>Mon travail couvre diff\u00e9rents domaines, allant du design aux nouvelles technologies en passant par la fiction. Ma passion et ma d\u00e9termination me poussent constamment \u00e0 explorer de nouvelles opportunit\u00e9s artistiques et professionnelles.<\/p>\n","protected":false},"excerpt":{"rendered":"<p>Je m\u2019appelle Adriano Spadafora. Je suis dipl\u00f4m\u00e9 technicien en infographie et titulaire d\u2019un bachelier en Arts num\u00e9riques. Actuellement, je poursuis un master en Arts num\u00e9riques \u00e0 l\u2019\u00e9cole ARTS\u00b2 de Mons. Polyvalent, j\u2019ai d\u00e9velopp\u00e9 des comp\u00e9tences vari\u00e9es alliant technique et cr\u00e9ativit\u00e9, avec une expertise particuli\u00e8re en 3D, r\u00e9alit\u00e9 augment\u00e9e\/virtuelle (AR\/VR) et mapping vid\u00e9o. S\u00e9rieux et investi, [&hellip;]<\/p>\n","protected":false},"author":1,"featured_media":0,"parent":0,"menu_order":0,"comment_status":"closed","ping_status":"closed","template":"","meta":{"footnotes":""},"class_list":["post-27","page","type-page","status-publish","hentry"],"_links":{"self":[{"href":"https:\/\/adriano-spadafora.com\/index.php\/wp-json\/wp\/v2\/pages\/27","targetHints":{"allow":["GET"]}}],"collection":[{"href":"https:\/\/adriano-spadafora.com\/index.php\/wp-json\/wp\/v2\/pages"}],"about":[{"href":"https:\/\/adriano-spadafora.com\/index.php\/wp-json\/wp\/v2\/types\/page"}],"author":[{"embeddable":true,"href":"https:\/\/adriano-spadafora.com\/index.php\/wp-json\/wp\/v2\/users\/1"}],"replies":[{"embeddable":true,"href":"https:\/\/adriano-spadafora.com\/index.php\/wp-json\/wp\/v2\/comments?post=27"}],"version-history":[{"count":4,"href":"https:\/\/adriano-spadafora.com\/index.php\/wp-json\/wp\/v2\/pages\/27\/revisions"}],"predecessor-version":[{"id":33,"href":"https:\/\/adriano-spadafora.com\/index.php\/wp-json\/wp\/v2\/pages\/27\/revisions\/33"}],"wp:attachment":[{"href":"https:\/\/adriano-spadafora.com\/index.php\/wp-json\/wp\/v2\/media?parent=27"}],"curies":[{"name":"wp","href":"https:\/\/api.w.org\/{rel}","templated":true}]}}